{"id":1516,"date":"2026-05-15T09:19:46","date_gmt":"2026-05-15T09:19:46","guid":{"rendered":"https:\/\/www.globaltowingsystems.com\/?page_id=1516"},"modified":"2026-05-15T12:41:57","modified_gmt":"2026-05-15T12:41:57","slug":"certificates","status":"publish","type":"page","link":"https:\/\/www.globaltowingsystems.com\/hu\/certificates\/","title":{"rendered":"Certificates"},"content":{"rendered":"<div data-elementor-type=\"wp-page\" data-elementor-id=\"1516\" class=\"elementor elementor-1516\" data-elementor-post-type=\"page\">\n\t\t\t\t<div class=\"elementor-element elementor-element-423fc413 e-con-full e-flex e-con e-parent\" data-id=\"423fc413\" data-element_type=\"container\" data-settings=\"{&quot;background_background&quot;:&quot;classic&quot;}\">\n\t\t<div class=\"elementor-element elementor-element-204b0196 e-flex e-con-boxed e-con e-child\" data-id=\"204b0196\" data-element_type=\"container\" data-settings=\"{&quot;background_background&quot;:&quot;classic&quot;}\">\n\t\t\t\t\t<div class=\"e-con-inner\">\n\t\t<div class=\"elementor-element elementor-element-73ee9ea2 e-con-full e-flex e-con e-child\" data-id=\"73ee9ea2\" data-element_type=\"container\">\n\t\t\t\t<div class=\"elementor-element elementor-element-201a8036 elementor-widget elementor-widget-heading\" data-id=\"201a8036\" data-element_type=\"widget\" data-widget_type=\"heading.default\">\n\t\t\t\t<div class=\"elementor-widget-container\">\n\t\t\t\t\t<h2 class=\"elementor-heading-title elementor-size-default\">Certificates<\/h2>\t\t\t\t<\/div>\n\t\t\t\t<\/div>\n\t\t\t\t<div class=\"elementor-element elementor-element-2a07e01e elementor-widget elementor-widget-text-editor\" data-id=\"2a07e01e\" data-element_type=\"widget\" data-widget_type=\"text-editor.default\">\n\t\t\t\t<div class=\"elementor-widget-container\">\n\t\t\t\t\t\t\t\t\t<p>Quality you can verify. Every GTS recovery vehicle is built under internationally recognized welding and engineering standards, audited by independent certification bodies.<\/p>\t\t\t\t\t\t\t\t<\/div>\n\t\t\t\t<\/div>\n\t\t\t\t<\/div>\n\t\t\t\t\t<\/div>\n\t\t\t\t<\/div>\n\t\t<div class=\"elementor-element elementor-element-11f46d5f e-con-full e-flex e-con e-child\" data-id=\"11f46d5f\" data-element_type=\"container\">\n\t\t\t\t<div class=\"elementor-element elementor-element-1ff4b681 elementor-widget-mobile__width-initial elementor-widget elementor-widget-image\" data-id=\"1ff4b681\" data-element_type=\"widget\" data-widget_type=\"image.default\">\n\t\t\t\t<div class=\"elementor-widget-container\">\n\t\t\t\t\t\t\t\t\t\t\t\t\t\t\t<img decoding=\"async\" width=\"542\" height=\"49\" src=\"https:\/\/www.globaltowingsystems.com\/wp-content\/uploads\/2024\/12\/BG_Foot_white_test.svg\" class=\"attachment-full size-full wp-image-30\" alt=\"\" \/>\t\t\t\t\t\t\t\t\t\t\t\t\t\t\t<\/div>\n\t\t\t\t<\/div>\n\t\t\t\t<\/div>\n\t\t\t\t<\/div>\n\t\t<div class=\"elementor-element elementor-element-71a83e11 e-con-full e-flex e-con e-parent\" data-id=\"71a83e11\" data-element_type=\"container\" data-settings=\"{&quot;background_background&quot;:&quot;classic&quot;}\">\n\t\t<div class=\"elementor-element elementor-element-7eb8b95b e-flex e-con-boxed e-con e-child\" data-id=\"7eb8b95b\" data-element_type=\"container\">\n\t\t\t\t\t<div class=\"e-con-inner\">\n\t\t<div class=\"elementor-element elementor-element-6e503180 e-con-full e-flex e-con e-child\" data-id=\"6e503180\" data-element_type=\"container\">\n\t\t<div class=\"elementor-element elementor-element-47c40162 e-con-full e-flex e-con e-child\" data-id=\"47c40162\" data-element_type=\"container\">\n\t\t<div class=\"elementor-element elementor-element-4e29753d e-con-full e-flex e-con e-child\" data-id=\"4e29753d\" data-element_type=\"container\" data-settings=\"{&quot;background_background&quot;:&quot;classic&quot;}\">\n\t\t\t\t<div class=\"elementor-element elementor-element-dbcae8a elementor-widget elementor-widget-text-editor\" data-id=\"dbcae8a\" data-element_type=\"widget\" data-widget_type=\"text-editor.default\">\n\t\t\t\t<div class=\"elementor-widget-container\">\n\t\t\t\t\t\t\t\t\t<p>WELDING QUALITY MANAGEMENT<\/p>\t\t\t\t\t\t\t\t<\/div>\n\t\t\t\t<\/div>\n\t\t\t\t<div class=\"elementor-element elementor-element-7e26968 elementor-widget elementor-widget-heading\" data-id=\"7e26968\" data-element_type=\"widget\" data-widget_type=\"heading.default\">\n\t\t\t\t<div class=\"elementor-widget-container\">\n\t\t\t\t\t<h2 class=\"elementor-heading-title elementor-size-default\">MSZ EN ISO 3834-2<\/h2>\t\t\t\t<\/div>\n\t\t\t\t<\/div>\n\t\t\t\t<div class=\"elementor-element elementor-element-a32d7aa elementor-widget elementor-widget-text-editor\" data-id=\"a32d7aa\" data-element_type=\"widget\" data-widget_type=\"text-editor.default\">\n\t\t\t\t<div class=\"elementor-widget-container\">\n\t\t\t\t\t\t\t\t\t<p>Comprehensive quality requirements for fusion welding of metallic materials<\/p>\t\t\t\t\t\t\t\t<\/div>\n\t\t\t\t<\/div>\n\t\t<div class=\"elementor-element elementor-element-535aa79 e-grid e-con-full e-con e-child\" data-id=\"535aa79\" data-element_type=\"container\">\n\t\t<div class=\"elementor-element elementor-element-5d72549 e-con-full e-flex e-con e-child\" data-id=\"5d72549\" data-element_type=\"container\">\n\t\t<div class=\"elementor-element elementor-element-2cd6ecc e-con-full e-flex e-con e-child\" data-id=\"2cd6ecc\" data-element_type=\"container\">\n\t\t<div class=\"elementor-element elementor-element-12435fd e-con-full e-flex e-con e-child\" data-id=\"12435fd\" data-element_type=\"container\" data-settings=\"{&quot;background_background&quot;:&quot;classic&quot;}\">\n\t\t\t\t<div class=\"elementor-element elementor-element-59bfc38 elementor-widget elementor-widget-text-editor\" data-id=\"59bfc38\" data-element_type=\"widget\" data-widget_type=\"text-editor.default\">\n\t\t\t\t<div class=\"elementor-widget-container\">\n\t\t\t\t\t\t\t\t\t<p>Issued by<\/p>\t\t\t\t\t\t\t\t<\/div>\n\t\t\t\t<\/div>\n\t\t\t\t<div class=\"elementor-element elementor-element-fc6abe8 elementor-widget elementor-widget-heading\" data-id=\"fc6abe8\" data-element_type=\"widget\" data-widget_type=\"heading.default\">\n\t\t\t\t<div class=\"elementor-widget-container\">\n\t\t\t\t\t<h2 class=\"elementor-heading-title elementor-size-default\">\u00c9MI-T\u00dcV S\u00dcD Kft.<\/h2>\t\t\t\t<\/div>\n\t\t\t\t<\/div>\n\t\t\t\t<\/div>\n\t\t\t\t<\/div>\n\t\t\t\t<\/div>\n\t\t<div class=\"elementor-element elementor-element-a5493b7 e-con-full e-flex e-con e-child\" data-id=\"a5493b7\" data-element_type=\"container\">\n\t\t<div class=\"elementor-element elementor-element-8458cea e-con-full e-flex e-con e-child\" data-id=\"8458cea\" data-element_type=\"container\">\n\t\t<div class=\"elementor-element elementor-element-c76bb44 e-con-full e-flex e-con e-child\" data-id=\"c76bb44\" data-element_type=\"container\" data-settings=\"{&quot;background_background&quot;:&quot;classic&quot;}\">\n\t\t\t\t<div class=\"elementor-element elementor-element-d30b4b2 elementor-widget elementor-widget-text-editor\" data-id=\"d30b4b2\" data-element_type=\"widget\" data-widget_type=\"text-editor.default\">\n\t\t\t\t<div class=\"elementor-widget-container\">\n\t\t\t\t\t\t\t\t\t<p>Registration No.<\/p>\t\t\t\t\t\t\t\t<\/div>\n\t\t\t\t<\/div>\n\t\t\t\t<div class=\"elementor-element elementor-element-2b599dc elementor-widget elementor-widget-heading\" data-id=\"2b599dc\" data-element_type=\"widget\" data-widget_type=\"heading.default\">\n\t\t\t\t<div class=\"elementor-widget-container\">\n\t\t\t\t\t<h2 class=\"elementor-heading-title elementor-size-default\">TA 2626 - 006 - A\u200b<\/h2>\t\t\t\t<\/div>\n\t\t\t\t<\/div>\n\t\t\t\t<\/div>\n\t\t\t\t<\/div>\n\t\t\t\t<\/div>\n\t\t<div class=\"elementor-element elementor-element-ba377b1 e-con-full e-flex e-con e-child\" data-id=\"ba377b1\" data-element_type=\"container\" data-settings=\"{&quot;background_background&quot;:&quot;classic&quot;}\">\n\t\t\t\t<div class=\"elementor-element elementor-element-d53aa29 elementor-widget elementor-widget-text-editor\" data-id=\"d53aa29\" data-element_type=\"widget\" data-widget_type=\"text-editor.default\">\n\t\t\t\t<div class=\"elementor-widget-container\">\n\t\t\t\t\t\t\t\t\t<p>Valid until<\/p>\t\t\t\t\t\t\t\t<\/div>\n\t\t\t\t<\/div>\n\t\t\t\t<div class=\"elementor-element elementor-element-6ab36dd elementor-widget elementor-widget-heading\" data-id=\"6ab36dd\" data-element_type=\"widget\" data-widget_type=\"heading.default\">\n\t\t\t\t<div class=\"elementor-widget-container\">\n\t\t\t\t\t<h2 class=\"elementor-heading-title elementor-size-default\">2029-05-03<\/h2>\t\t\t\t<\/div>\n\t\t\t\t<\/div>\n\t\t\t\t<\/div>\n\t\t\t\t<\/div>\n\t\t\t\t<\/div>\n\t\t\t\t<\/div>\n\t\t\t\t<\/div>\n\t\t\t\t\t<\/div>\n\t\t\t\t<\/div>\n\t\t\t\t<\/div>\n\t\t<div class=\"elementor-element elementor-element-3b23c0b e-con-full e-flex e-con e-parent\" data-id=\"3b23c0b\" data-element_type=\"container\" data-settings=\"{&quot;background_background&quot;:&quot;classic&quot;}\">\n\t\t<div class=\"elementor-element elementor-element-f4cc10d e-flex e-con-boxed e-con e-child\" data-id=\"f4cc10d\" data-element_type=\"container\">\n\t\t\t\t\t<div class=\"e-con-inner\">\n\t\t<div class=\"elementor-element elementor-element-eb22fda e-con-full e-flex e-con e-child\" data-id=\"eb22fda\" data-element_type=\"container\">\n\t\t<div class=\"elementor-element elementor-element-42f079a e-con-full e-flex e-con e-child\" data-id=\"42f079a\" data-element_type=\"container\">\n\t\t<div class=\"elementor-element elementor-element-94b6c08 e-con-full e-flex e-con e-child\" data-id=\"94b6c08\" data-element_type=\"container\" data-settings=\"{&quot;background_background&quot;:&quot;classic&quot;}\">\n\t\t\t\t<div class=\"elementor-element elementor-element-5b04b53 elementor-widget-divider--view-line elementor-widget elementor-widget-divider\" data-id=\"5b04b53\" data-element_type=\"widget\" data-widget_type=\"divider.default\">\n\t\t\t\t<div class=\"elementor-widget-container\">\n\t\t\t\t\t\t\t<div class=\"elementor-divider\">\n\t\t\t<span class=\"elementor-divider-separator\">\n\t\t\t\t\t\t<\/span>\n\t\t<\/div>\n\t\t\t\t\t\t<\/div>\n\t\t\t\t<\/div>\n\t\t\t\t<div class=\"elementor-element elementor-element-001f63a elementor-widget elementor-widget-text-editor\" data-id=\"001f63a\" data-element_type=\"widget\" data-widget_type=\"text-editor.default\">\n\t\t\t\t<div class=\"elementor-widget-container\">\n\t\t\t\t\t\t\t\t\t<p>Download certificate<\/p>\t\t\t\t\t\t\t\t<\/div>\n\t\t\t\t<\/div>\n\t\t<div class=\"elementor-element elementor-element-5437cb8 e-grid e-con-full e-con e-child\" data-id=\"5437cb8\" data-element_type=\"container\">\n\t\t<div class=\"elementor-element elementor-element-a6fddcc e-con-full e-flex e-con e-child\" data-id=\"a6fddcc\" data-element_type=\"container\">\n\t\t<div class=\"elementor-element elementor-element-c3e53ae e-con-full e-flex e-con e-child\" data-id=\"c3e53ae\" data-element_type=\"container\">\n\t\t<div class=\"elementor-element elementor-element-1b3b3c0 e-con-full e-flex e-con e-child\" data-id=\"1b3b3c0\" data-element_type=\"container\" data-settings=\"{&quot;background_background&quot;:&quot;classic&quot;}\">\n\t\t\t\t<div class=\"elementor-element elementor-element-71cba82 elementor-align-justify elementor-mobile-align-justify elementor-widget elementor-widget-button\" data-id=\"71cba82\" data-element_type=\"widget\" data-widget_type=\"button.default\">\n\t\t\t\t<div class=\"elementor-widget-container\">\n\t\t\t\t\t\t\t\t\t<div class=\"elementor-button-wrapper\">\n\t\t\t\t\t<a class=\"elementor-button elementor-button-link elementor-size-sm\" href=\"https:\/\/www.globaltowingsystems.com\/wp-content\/uploads\/2026\/05\/GTS_ISO_3834-2_TA_2626-006-A_EN.pdf\" target=\"_blank\">\n\t\t\t\t\t\t<span class=\"elementor-button-content-wrapper\">\n\t\t\t\t\t\t<span class=\"elementor-button-icon\">\n\t\t\t\t<svg aria-hidden=\"true\" class=\"e-font-icon-svg e-fas-download\" viewbox=\"0 0 512 512\" xmlns=\"http:\/\/www.w3.org\/2000\/svg\"><path d=\"M216 0h80c13.3 0 24 10.7 24 24v168h87.7c17.8 0 26.7 21.5 14.1 34.1L269.7 378.3c-7.5 7.5-19.8 7.5-27.3 0L90.1 226.1c-12.6-12.6-3.7-34.1 14.1-34.1H192V24c0-13.3 10.7-24 24-24zm296 376v112c0 13.3-10.7 24-24 24H24c-13.3 0-24-10.7-24-24V376c0-13.3 10.7-24 24-24h146.7l49 49c20.1 20.1 52.5 20.1 72.6 0l49-49H488c13.3 0 24 10.7 24 24zm-124 88c0-11-9-20-20-20s-20 9-20 20 9 20 20 20 20-9 20-20zm64 0c0-11-9-20-20-20s-20 9-20 20 9 20 20 20 20-9 20-20z\"><\/path><\/svg>\t\t\t<\/span>\n\t\t\t\t\t\t\t\t\t<span class=\"elementor-button-text\">English (EN)<\/span>\n\t\t\t\t\t<\/span>\n\t\t\t\t\t<\/a>\n\t\t\t\t<\/div>\n\t\t\t\t\t\t\t\t<\/div>\n\t\t\t\t<\/div>\n\t\t\t\t<\/div>\n\t\t\t\t<\/div>\n\t\t\t\t<\/div>\n\t\t<div class=\"elementor-element elementor-element-4873db0 e-con-full e-flex e-con e-child\" data-id=\"4873db0\" data-element_type=\"container\" data-settings=\"{&quot;background_background&quot;:&quot;classic&quot;}\">\n\t\t\t\t<div class=\"elementor-element elementor-element-777e2c6 elementor-align-justify elementor-mobile-align-justify elementor-widget elementor-widget-button\" data-id=\"777e2c6\" data-element_type=\"widget\" data-widget_type=\"button.default\">\n\t\t\t\t<div class=\"elementor-widget-container\">\n\t\t\t\t\t\t\t\t\t<div class=\"elementor-button-wrapper\">\n\t\t\t\t\t<a class=\"elementor-button elementor-button-link elementor-size-sm\" href=\"https:\/\/www.globaltowingsystems.com\/wp-content\/uploads\/2026\/05\/GTS_ISO_3834-2_TA_2626-006-A_HU.pdf\" target=\"_blank\">\n\t\t\t\t\t\t<span class=\"elementor-button-content-wrapper\">\n\t\t\t\t\t\t<span class=\"elementor-button-icon\">\n\t\t\t\t<svg aria-hidden=\"true\" class=\"e-font-icon-svg e-fas-download\" viewbox=\"0 0 512 512\" xmlns=\"http:\/\/www.w3.org\/2000\/svg\"><path d=\"M216 0h80c13.3 0 24 10.7 24 24v168h87.7c17.8 0 26.7 21.5 14.1 34.1L269.7 378.3c-7.5 7.5-19.8 7.5-27.3 0L90.1 226.1c-12.6-12.6-3.7-34.1 14.1-34.1H192V24c0-13.3 10.7-24 24-24zm296 376v112c0 13.3-10.7 24-24 24H24c-13.3 0-24-10.7-24-24V376c0-13.3 10.7-24 24-24h146.7l49 49c20.1 20.1 52.5 20.1 72.6 0l49-49H488c13.3 0 24 10.7 24 24zm-124 88c0-11-9-20-20-20s-20 9-20 20 9 20 20 20 20-9 20-20zm64 0c0-11-9-20-20-20s-20 9-20 20 9 20 20 20 20-9 20-20z\"><\/path><\/svg>\t\t\t<\/span>\n\t\t\t\t\t\t\t\t\t<span class=\"elementor-button-text\">Magyar (HU)<\/span>\n\t\t\t\t\t<\/span>\n\t\t\t\t\t<\/a>\n\t\t\t\t<\/div>\n\t\t\t\t\t\t\t\t<\/div>\n\t\t\t\t<\/div>\n\t\t\t\t<\/div>\n\t\t<div class=\"elementor-element elementor-element-5d3e8be e-con-full e-flex e-con e-child\" data-id=\"5d3e8be\" data-element_type=\"container\" data-settings=\"{&quot;background_background&quot;:&quot;classic&quot;}\">\n\t\t\t\t<div class=\"elementor-element elementor-element-809f859 elementor-align-justify elementor-mobile-align-justify elementor-widget elementor-widget-button\" data-id=\"809f859\" data-element_type=\"widget\" data-widget_type=\"button.default\">\n\t\t\t\t<div class=\"elementor-widget-container\">\n\t\t\t\t\t\t\t\t\t<div class=\"elementor-button-wrapper\">\n\t\t\t\t\t<a class=\"elementor-button elementor-button-link elementor-size-sm\" href=\"https:\/\/www.globaltowingsystems.com\/wp-content\/uploads\/2026\/05\/GTS_ISO_3834-2_TA_2626-006-A_DE.pdf\" target=\"_blank\">\n\t\t\t\t\t\t<span class=\"elementor-button-content-wrapper\">\n\t\t\t\t\t\t<span class=\"elementor-button-icon\">\n\t\t\t\t<svg aria-hidden=\"true\" class=\"e-font-icon-svg e-fas-download\" viewbox=\"0 0 512 512\" xmlns=\"http:\/\/www.w3.org\/2000\/svg\"><path d=\"M216 0h80c13.3 0 24 10.7 24 24v168h87.7c17.8 0 26.7 21.5 14.1 34.1L269.7 378.3c-7.5 7.5-19.8 7.5-27.3 0L90.1 226.1c-12.6-12.6-3.7-34.1 14.1-34.1H192V24c0-13.3 10.7-24 24-24zm296 376v112c0 13.3-10.7 24-24 24H24c-13.3 0-24-10.7-24-24V376c0-13.3 10.7-24 24-24h146.7l49 49c20.1 20.1 52.5 20.1 72.6 0l49-49H488c13.3 0 24 10.7 24 24zm-124 88c0-11-9-20-20-20s-20 9-20 20 9 20 20 20 20-9 20-20zm64 0c0-11-9-20-20-20s-20 9-20 20 9 20 20 20 20-9 20-20z\"><\/path><\/svg>\t\t\t<\/span>\n\t\t\t\t\t\t\t\t\t<span class=\"elementor-button-text\">Deutsch (DE)<\/span>\n\t\t\t\t\t<\/span>\n\t\t\t\t\t<\/a>\n\t\t\t\t<\/div>\n\t\t\t\t\t\t\t\t<\/div>\n\t\t\t\t<\/div>\n\t\t\t\t<\/div>\n\t\t\t\t<\/div>\n\t\t\t\t<\/div>\n\t\t\t\t<\/div>\n\t\t\t\t<\/div>\n\t\t\t\t\t<\/div>\n\t\t\t\t<\/div>\n\t\t\t\t<\/div>\n\t\t\t\t<\/div>","protected":false},"excerpt":{"rendered":"<p>Certificates Quality you can verify. Every GTS recovery vehicle is built under internationally recognized welding and engineering standards, audited by independent certification bodies. WELDING QUALITY MANAGEMENT MSZ EN ISO 3834-2 Comprehensive quality requirements for fusion welding of metallic materials Issued by \u00c9MI-T\u00dcV S\u00dcD Kft. Registration No. TA 2626 &#8211; 006 &#8211; A\u200b Valid until 2029-05-03 [&hellip;]<\/p>","protected":false},"author":1,"featured_media":0,"parent":0,"menu_order":0,"comment_status":"closed","ping_status":"closed","template":"","meta":{"footnotes":""},"class_list":["post-1516","page","type-page","status-publish","hentry"],"_links":{"self":[{"href":"https:\/\/www.globaltowingsystems.com\/hu\/wp-json\/wp\/v2\/pages\/1516","targetHints":{"allow":["GET"]}}],"collection":[{"href":"https:\/\/www.globaltowingsystems.com\/hu\/wp-json\/wp\/v2\/pages"}],"about":[{"href":"https:\/\/www.globaltowingsystems.com\/hu\/wp-json\/wp\/v2\/types\/page"}],"author":[{"embeddable":true,"href":"https:\/\/www.globaltowingsystems.com\/hu\/wp-json\/wp\/v2\/users\/1"}],"replies":[{"embeddable":true,"href":"https:\/\/www.globaltowingsystems.com\/hu\/wp-json\/wp\/v2\/comments?post=1516"}],"version-history":[{"count":64,"href":"https:\/\/www.globaltowingsystems.com\/hu\/wp-json\/wp\/v2\/pages\/1516\/revisions"}],"predecessor-version":[{"id":1587,"href":"https:\/\/www.globaltowingsystems.com\/hu\/wp-json\/wp\/v2\/pages\/1516\/revisions\/1587"}],"wp:attachment":[{"href":"https:\/\/www.globaltowingsystems.com\/hu\/wp-json\/wp\/v2\/media?parent=1516"}],"curies":[{"name":"wp","href":"https:\/\/api.w.org\/{rel}","templated":true}]}}