{"id":948,"date":"2025-01-10T10:38:06","date_gmt":"2025-01-10T10:38:06","guid":{"rendered":"https:\/\/www.globaltowingsystems.com\/?page_id=948"},"modified":"2025-01-10T10:54:50","modified_gmt":"2025-01-10T10:54:50","slug":"palyazat","status":"publish","type":"page","link":"https:\/\/www.globaltowingsystems.com\/hu\/palyazat\/","title":{"rendered":"P\u00e1ly\u00e1zat"},"content":{"rendered":"<div data-elementor-type=\"wp-page\" data-elementor-id=\"948\" class=\"elementor elementor-948\" data-elementor-post-type=\"page\">\n\t\t\t\t<div class=\"elementor-element elementor-element-3c932bc e-con-full e-flex e-con e-parent\" data-id=\"3c932bc\" data-element_type=\"container\" data-settings=\"{&quot;background_background&quot;:&quot;classic&quot;}\">\n\t\t<div class=\"elementor-element elementor-element-62e180c e-flex e-con-boxed e-con e-child\" data-id=\"62e180c\" data-element_type=\"container\" data-settings=\"{&quot;background_background&quot;:&quot;classic&quot;}\">\n\t\t\t\t\t<div class=\"e-con-inner\">\n\t\t<div class=\"elementor-element elementor-element-7fa9b4e e-con-full e-flex e-con e-child\" data-id=\"7fa9b4e\" data-element_type=\"container\">\n\t\t\t\t<div class=\"elementor-element elementor-element-3509c7c elementor-widget elementor-widget-heading\" data-id=\"3509c7c\" data-element_type=\"widget\" data-widget_type=\"heading.default\">\n\t\t\t\t<div class=\"elementor-widget-container\">\n\t\t\t\t\t<h2 class=\"elementor-heading-title elementor-size-default\">Fejleszt\u00e9si projektek t\u00e1mogatott beruh\u00e1z\u00e1sai<\/h2>\t\t\t\t<\/div>\n\t\t\t\t<\/div>\n\t\t\t\t<div class=\"elementor-element elementor-element-99b4166 elementor-widget elementor-widget-text-editor\" data-id=\"99b4166\" data-element_type=\"widget\" data-widget_type=\"text-editor.default\">\n\t\t\t\t<div class=\"elementor-widget-container\">\n\t\t\t\t\t\t\t\t\t<p>A Global Towing Systems Kft. folyamatos fejl\u0151d\u00e9s\u00e9nek \u00e9s n\u00f6veked\u00e9s\u00e9nek kulcsa a hat\u00e9kony technol\u00f3giai fejleszt\u00e9sek megval\u00f3s\u00edt\u00e1sa, amelyeket p\u00e1ly\u00e1zati t\u00e1mogat\u00e1sok seg\u00edts\u00e9g\u00e9vel val\u00f3s\u00edtott meg.<\/p>\t\t\t\t\t\t\t\t<\/div>\n\t\t\t\t<\/div>\n\t\t\t\t<\/div>\n\t\t\t\t\t<\/div>\n\t\t\t\t<\/div>\n\t\t<div class=\"elementor-element elementor-element-5f5116b e-con-full e-flex e-con e-child\" data-id=\"5f5116b\" data-element_type=\"container\">\n\t\t\t\t<div class=\"elementor-element elementor-element-e3778a0 elementor-widget-mobile__width-initial elementor-widget elementor-widget-image\" data-id=\"e3778a0\" data-element_type=\"widget\" data-widget_type=\"image.default\">\n\t\t\t\t<div class=\"elementor-widget-container\">\n\t\t\t\t\t\t\t\t\t\t\t\t\t\t\t<img decoding=\"async\" width=\"542\" height=\"49\" src=\"https:\/\/www.globaltowingsystems.com\/wp-content\/uploads\/2024\/12\/BG_Foot_white_test.svg\" class=\"attachment-full size-full wp-image-30\" alt=\"\" \/>\t\t\t\t\t\t\t\t\t\t\t\t\t\t\t<\/div>\n\t\t\t\t<\/div>\n\t\t\t\t<\/div>\n\t\t\t\t<\/div>\n\t\t<div class=\"elementor-element elementor-element-320cff9 e-con-full e-flex e-con e-parent\" data-id=\"320cff9\" data-element_type=\"container\" data-settings=\"{&quot;background_background&quot;:&quot;classic&quot;}\">\n\t\t<div class=\"elementor-element elementor-element-efcd7fe e-flex e-con-boxed e-con e-child\" data-id=\"efcd7fe\" data-element_type=\"container\">\n\t\t\t\t\t<div class=\"e-con-inner\">\n\t\t\t\t<div class=\"elementor-element elementor-element-21be58c elementor-widget elementor-widget-heading\" data-id=\"21be58c\" data-element_type=\"widget\" data-widget_type=\"heading.default\">\n\t\t\t\t<div class=\"elementor-widget-container\">\n\t\t\t\t\t<h2 class=\"elementor-heading-title elementor-size-default\">GINOP-1.2.9-20<\/h2>\t\t\t\t<\/div>\n\t\t\t\t<\/div>\n\t\t\t\t<div class=\"elementor-element elementor-element-72fd1f9 elementor-widget elementor-widget-text-editor\" data-id=\"72fd1f9\" data-element_type=\"widget\" data-widget_type=\"text-editor.default\">\n\t\t\t\t<div class=\"elementor-widget-container\">\n\t\t\t\t\t\t\t\t\t<p>P\u00e1ly\u00e1zati ki\u00edr\u00e1s megnevez\u00e9se: <strong>GINOP-1.2.9-20<\/strong> \u2013 H\u00e1tr\u00e1nyos helyzet\u0171 telep\u00fcl\u00e9seken m\u0171k\u00f6d\u0151 mikro- \u00e9s kisv\u00e1llalkoz\u00e1sok fejleszt\u00e9seinek t\u00e1mogat\u00e1sa<\/p><ul><li><strong>Projekt azonos\u00edt\u00f3sz\u00e1ma:<\/strong> GINOP-1.2.9-20-2021-00399<\/li><li><strong>Projekt c\u00edme:<\/strong> A Global Towing Systems Kft. termel\u00e9kenys\u00e9g\u00e9nek \u00e9s technol\u00f3giai n\u00f6veked\u00e9s\u00e9nek t\u00e1mogat\u00e1sa<\/li><li><strong>Kedvezm\u00e9nyezett neve:<\/strong> Global Towing Systems Gy\u00e1rt\u00f3 \u00e9s Kereskedelmi Kft.<\/li><li><strong>Projekt megval\u00f3s\u00edt\u00e1si helysz\u00edne:<\/strong> 7300 Koml\u00f3, Alt\u00e1r\u00f3 utca 24. HRSZ: 2413\/31<\/li><li><strong>T\u00e1mogat\u00e1s \u00f6sszege:<\/strong> 9 931 131 Ft<\/li><li><strong>T\u00e1mogat\u00e1s ar\u00e1nya:<\/strong> 70%<\/li><li><strong>Projekt \u00f6sszk\u00f6lts\u00e9ge:<\/strong> 14 187 330 Ft<\/li><li><strong>Forr\u00e1s:<\/strong> ERFA<\/li><li><strong>A projekt fizikai befejez\u00e9se:<\/strong> 2021.12.31.<\/li><\/ul><p><strong><br \/><span style=\"text-decoration: underline;\">A projekt bemutat\u00e1sa:<\/span><\/strong><\/p><p>TCM FGE32-E1 t\u00edpus\u00fa g\u00e1z\u00fczem\u0171 homlokvill\u00e1s targonca:<br \/>A p\u00e1ly\u00e1zat beny\u00fajt\u00e1s\u00e1t megel\u0151z\u0151 id\u0151szakban a megl\u00e9v\u0151 szerz\u0151d\u00e9ses feladatok k\u00f6t\u00f6tt\u00e9k le a g\u00e9pj\u00e1rm\u0171, karossz\u00e9ria \u00e9s p\u00f3tkocsi gy\u00e1rt\u00e1saival kapcsolatos kapacit\u00e1sukat. A megrendel\u0151ik sz\u00e1m\u00e1ra gy\u00e1rtott elemek fizikai m\u00e9rete az elm\u00falt id\u0151szakban n\u00f6vekedett. A g\u00e9pj\u00e1rm\u00fa testek egyes elemei nagyobb form\u00e1tum\u00fa lemezb\u0151l egyben t\u00f6rt\u00e9n\u0151 kiv\u00e1g\u00e1s\u00e1val esetenk\u00e9nt a hegeszt\u00e9ssel v\u00e9gezhet\u0151k el. Ezen nagym\u00e9ret\u0171 f\u00e9mszerkezetek k\u00f6nnyebb mozgat\u00e1s\u00e1nak \u00e9rdek\u00e9ben ker\u00fclt beszerz\u00e9sre a TCM FGE32-E1 t\u00edpus\u00fa targonca. A beszerz\u00e9s tov\u00e1bbi indoka, hogy a rendelkez\u00e9sre \u00e1ll\u00f3 targonc\u00e1juk nem volt k\u00e9pes azt az emel\u00e9si magass\u00e1got teljes\u00edteni, mely a rakt\u00e1rukban tal\u00e1lhat\u00f3 polcrendszerek megk\u00edv\u00e1ntak. A megfelel\u0151 szolg\u00e1ltat\u00e1si min\u0151s\u00e9g meg\u0151rz\u00e9se \u00e9rdek\u00e9ben teh\u00e1t elengedhetetlen volt a gy\u00e1rt\u00e1s sor\u00e1n keletkez\u0151 f\u00e9mszerkezeteket, a rakt\u00e1ri \u00e1rumozgat\u00e1s, a be- \u00e9s kimozgat\u00e1si tev\u00e9kenys\u00e9g hat\u00e9konys\u00e1g\u00e1nak fejleszt\u00e9se. Az \u00faj targonc\u00e1val javultak a munkav\u00e1llal\u00f3k munkak\u00f6r\u00fclm\u00e9nyei, munkafelt\u00e9telei, saj\u00e1t fejlett, mai kornak megfelel\u0151 eszk\u00f6z\u00e1llom\u00e1nnyal tudn\u00e1nak dolgozni, ami a j\u00f6v\u0151beni \u00fczleti kih\u00edv\u00e1sokhoz nagyban seg\u00edti majd alkalmazkod\u00e1sukat.<\/p><p><span style=\"text-decoration: underline;\"><strong>Szem\u00e9lyi jelleg\u0171 r\u00e1ford\u00edt\u00e1s:<\/strong><\/span><\/p><p>A tavalyi \u00e9vben kialakult helyzet (COVID-19) jelent\u0151sen \u00e9rintette a v\u00e1llalkoz\u00e1s m\u0171k\u00f6d\u00e9s\u00e9t, melyet igazol az eredm\u00e9ny kimutat\u00e1sban l\u00e1that\u00f3 \u00e1rbev\u00e9tel cs\u00f6kken\u00e9s is. A visszaes\u00e9s ellen\u00e9re a v\u00e1llalkoz\u00e1s vezet\u0151s\u00e9ge folyamatosan t\u00f6rekedett arra, hogy a munkav\u00e1llal\u00f3i l\u00e9tsz\u00e1mukat megtarts\u00e1k. Jelen projektben 3 f\u0151 munkav\u00e1llal\u00f3 b\u00e9rk\u00f6lts\u00e9ge ker\u00fclt elsz\u00e1mol\u00e1sra, mely jelent\u0151s seg\u00edts\u00e9get ny\u00fajtott likvidit\u00e1s szempontj\u00e1b\u00f3l a v\u00e1llalkoz\u00e1s m\u0171k\u00f6d\u00e9se kapcs\u00e1n. A felszabadul\u00f3 likvid p\u00e9nzeszk\u00f6z\u00f6ket tov\u00e1bbi fejleszt\u00e9sekre, forg\u00f3eszk\u00f6zre \u00e9s b\u00e9rk\u00f6lts\u00e9g t\u00e1mogat\u00e1sra tudta ford\u00edtani a v\u00e1llalkoz\u00e1s.<\/p>\t\t\t\t\t\t\t\t<\/div>\n\t\t\t\t<\/div>\n\t\t\t\t<div class=\"elementor-element elementor-element-090caa7 elementor-widget elementor-widget-heading\" data-id=\"090caa7\" data-element_type=\"widget\" data-widget_type=\"heading.default\">\n\t\t\t\t<div class=\"elementor-widget-container\">\n\t\t\t\t\t<h2 class=\"elementor-heading-title elementor-size-default\">GINOP-1.2.16-22<\/h2>\t\t\t\t<\/div>\n\t\t\t\t<\/div>\n\t\t\t\t<div class=\"elementor-element elementor-element-235c09e elementor-widget elementor-widget-text-editor\" data-id=\"235c09e\" data-element_type=\"widget\" data-widget_type=\"text-editor.default\">\n\t\t\t\t<div class=\"elementor-widget-container\">\n\t\t\t\t\t\t\t\t\t<p style=\"font-weight: 400;\">P\u00e1ly\u00e1zati ki\u00edr\u00e1s megnevez\u00e9se: <strong>GINOP-1.2.16-22<\/strong> \u2013 A mikro-, kis- \u00e9s k\u00f6z\u00e9pv\u00e1llalkoz\u00e1sok modern \u00fczleti \u00e9s termel\u00e9si kih\u00edv\u00e1sokhoz val\u00f3 alkalmazkod\u00e1s\u00e1t seg\u00edt\u0151 fejleszt\u00e9sek t\u00e1mogat\u00e1sa (technikai felh\u00edv\u00e1s)<\/p><ul><li><strong>Projekt azonos\u00edt\u00f3sz\u00e1ma:<\/strong> GINOP-1.2.16-22-2023-04620<\/li><li><strong>Projekt c\u00edme:<\/strong> A GLOBAL TOWING SYSTEMS Kft. technol\u00f3giai fejleszt\u00e9st eredm\u00e9nyez\u0151 beruh\u00e1z\u00e1s\u00e1nak t\u00e1mogat\u00e1sa<\/li><li><strong>Kedvezm\u00e9nyezett neve:<\/strong> GLOBAL TOWING SYSTEMS Gy\u00e1rt\u00f3 \u00e9s Kereskedelmi Kft.<\/li><li><strong>Projekt megval\u00f3s\u00edt\u00e1si helysz\u00edne:<\/strong> 7300 Koml\u00f3, Kossuth Lajos utca 1.<\/li><li><strong>T\u00e1mogat\u00e1s \u00f6sszege:<\/strong> 62 962 231 Ft<\/li><li><strong>T\u00e1mogat\u00e1s ar\u00e1nya:<\/strong> 70%<\/li><li><strong>Projekt \u00f6sszk\u00f6lts\u00e9ge:<\/strong> 89 946 045 Ft<\/li><li><strong>Forr\u00e1s:<\/strong> ERFA<\/li><li><strong>A projekt fizikai befejez\u00e9se:<\/strong> 2022.12.31.<\/li><\/ul><p><br \/><span style=\"text-decoration: underline;\"><strong>A projekt bemutat\u00e1sa:<\/strong><\/span><\/p><p>A GLOBAL TOWING SYSTEMS Kft. egy dinamikusan m\u0171k\u00f6d\u0151 v\u00e1llalat, \u00e9vr\u0151l-\u00e9vre egyre t\u00f6bb eredm\u00e9nyt tudhat a h\u00e1ta m\u00f6g\u00f6tt. Annak \u00e9rdek\u00e9ben, hogy ezt a tendenci\u00e1t fenntarthassa, \u00faj beruh\u00e1z\u00e1sba kezdett, amely a GINOP-1.2.16-22-2023-04620 p\u00e1ly\u00e1zatban val\u00f3sult meg.<\/p><p><strong>A beruh\u00e1z\u00e1sban az al\u00e1bbi m\u0171szaki tartalom val\u00f3sult meg:<\/strong><\/p><ul><li>Ingatlan \u00e1talak\u00edt\u00e1sa<\/li><li>Ingatlan korszer\u0171s\u00edt\u00e9se<\/li><li>Infrastruktur\u00e1lis \u00e9s ingatlan beruh\u00e1z\u00e1s<\/li><li>WWSD20t-2 lapm\u00e9rleg 4 db lappal (20t) 3590EKR m\u00e9r\u0151kofferrel beszerz\u00e9se<\/li><li>IWELD MIG5200 DOUBLE PULSE hegeszt\u0151g\u00e9p beszerz\u00e9se<\/li><li>JT2500 M5-M24 menetf\u00far\u00f3 beszerz\u00e9se<\/li><li>ALUP ALLEGRO 8-13 270 PLUS csavarkompresszor beszerz\u00e9se<\/li><li>35QW m\u00e1gnes\u00e1llv\u00e1nyos f\u00far\u00f3g\u00e9p beszerz\u00e9se<\/li><li>Gerima SMA 60 \u00e9lmar\u00f3 beszerz\u00e9se<\/li><li>ELMAG GBM 4\/50 SGA oszlopos f\u00far\u00f3g\u00e9p beszerz\u00e9se<\/li><li>ALUP ALLEGRO 36-10 PLUS csavarkompresszor beszerz\u00e9se<\/li><li>Strukt\u00far\u00e1lt h\u00e1l\u00f3zat \u00e9s kamerarendszer telep\u00edt\u00e9se<\/li><li>Napkollektoros rendszer telep\u00edt\u00e9se<\/li><li>Notebook Dell Vostro beszerz\u00e9se<\/li><li>Notebook HP 470 G7<\/li><li>Szerver Dell PowerEdge T440<\/li><li>TF01 tervez\u0151 PC monitorral<\/li><li>5S k\u00e9pz\u00e9s ig\u00e9nybev\u00e9tele<\/li><\/ul><p>\u00a0<\/p><p style=\"font-weight: 400;\">A t\u00e1mogat\u00e1snak h\u00e1la a GLOBAL TOWING SYSTEMS Kft k\u00e9pes volt kapacit\u00e1sainak n\u00f6vel\u00e9s\u00e9re, aminek k\u00f6sz\u00f6nhet\u0151en megfelel\u0151en ki tudja majd el\u00e9g\u00edteni a fenn\u00e1ll\u00f3 piaci ig\u00e9nyeket, hat\u00e9konyabb\u00e1 v\u00e1lik a v\u00e1llalkoz\u00e1s m\u0171k\u00f6d\u00e9se.<\/p>\t\t\t\t\t\t\t\t<\/div>\n\t\t\t\t<\/div>\n\t\t\t\t\t<\/div>\n\t\t\t\t<\/div>\n\t\t\t\t<\/div>\n\t\t\t\t<\/div>","protected":false},"excerpt":{"rendered":"<p>Fejleszt\u00e9si projektek t\u00e1mogatott beruh\u00e1z\u00e1sai A Global Towing Systems Kft. folyamatos fejl\u0151d\u00e9s\u00e9nek \u00e9s n\u00f6veked\u00e9s\u00e9nek kulcsa a hat\u00e9kony technol\u00f3giai fejleszt\u00e9sek megval\u00f3s\u00edt\u00e1sa, amelyeket p\u00e1ly\u00e1zati t\u00e1mogat\u00e1sok seg\u00edts\u00e9g\u00e9vel val\u00f3s\u00edtott meg. GINOP-1.2.9-20 P\u00e1ly\u00e1zati ki\u00edr\u00e1s megnevez\u00e9se: GINOP-1.2.9-20 \u2013 H\u00e1tr\u00e1nyos helyzet\u0171 telep\u00fcl\u00e9seken m\u0171k\u00f6d\u0151 mikro- \u00e9s kisv\u00e1llalkoz\u00e1sok fejleszt\u00e9seinek t\u00e1mogat\u00e1sa Projekt azonos\u00edt\u00f3sz\u00e1ma: GINOP-1.2.9-20-2021-00399 Projekt c\u00edme: A Global Towing Systems Kft. termel\u00e9kenys\u00e9g\u00e9nek \u00e9s technol\u00f3giai n\u00f6veked\u00e9s\u00e9nek t\u00e1mogat\u00e1sa [&hellip;]<\/p>","protected":false},"author":1,"featured_media":0,"parent":0,"menu_order":0,"comment_status":"closed","ping_status":"closed","template":"elementor_header_footer","meta":{"footnotes":""},"class_list":["post-948","page","type-page","status-publish","hentry"],"_links":{"self":[{"href":"https:\/\/www.globaltowingsystems.com\/hu\/wp-json\/wp\/v2\/pages\/948","targetHints":{"allow":["GET"]}}],"collection":[{"href":"https:\/\/www.globaltowingsystems.com\/hu\/wp-json\/wp\/v2\/pages"}],"about":[{"href":"https:\/\/www.globaltowingsystems.com\/hu\/wp-json\/wp\/v2\/types\/page"}],"author":[{"embeddable":true,"href":"https:\/\/www.globaltowingsystems.com\/hu\/wp-json\/wp\/v2\/users\/1"}],"replies":[{"embeddable":true,"href":"https:\/\/www.globaltowingsystems.com\/hu\/wp-json\/wp\/v2\/comments?post=948"}],"version-history":[{"count":22,"href":"https:\/\/www.globaltowingsystems.com\/hu\/wp-json\/wp\/v2\/pages\/948\/revisions"}],"predecessor-version":[{"id":971,"href":"https:\/\/www.globaltowingsystems.com\/hu\/wp-json\/wp\/v2\/pages\/948\/revisions\/971"}],"wp:attachment":[{"href":"https:\/\/www.globaltowingsystems.com\/hu\/wp-json\/wp\/v2\/media?parent=948"}],"curies":[{"name":"wp","href":"https:\/\/api.w.org\/{rel}","templated":true}]}}